{"id":10098,"date":"2023-03-19T14:03:17","date_gmt":"2023-03-19T13:03:17","guid":{"rendered":"https:\/\/sdubouloz.ch\/boutique\/t-shirt-organica-azul\/"},"modified":"2023-03-19T14:03:17","modified_gmt":"2023-03-19T13:03:17","slug":"t-shirt-bio-eco-responsavel-azul","status":"publish","type":"product","link":"https:\/\/sdubouloz.ch\/pt-pt\/boutique\/t-shirt-bio-eco-responsavel-azul\/","title":{"rendered":"T-shirt org\u00e2nica azul"},"content":{"rendered":"","protected":false},"excerpt":{"rendered":"<p>T-shirt org\u00e2nica eco-respons\u00e1vel<\/p>\n<p>Cor azul e log\u00f3tipo mostarda<\/p>\n","protected":false},"featured_media":9520,"template":"","meta":[],"product_brand":[],"product_cat":[138],"product_tag":[],"class_list":{"0":"post-10098","1":"product","2":"type-product","3":"status-publish","4":"has-post-thumbnail","6":"product_cat-t-shirt-pt-pt","8":"first","9":"instock","10":"shipping-taxable","11":"purchasable","12":"product-type-variable"},"_links":{"self":[{"href":"https:\/\/sdubouloz.ch\/pt-pt\/wp-json\/wp\/v2\/product\/10098","targetHints":{"allow":["GET"]}}],"collection":[{"href":"https:\/\/sdubouloz.ch\/pt-pt\/wp-json\/wp\/v2\/product"}],"about":[{"href":"https:\/\/sdubouloz.ch\/pt-pt\/wp-json\/wp\/v2\/types\/product"}],"version-history":[{"count":0,"href":"https:\/\/sdubouloz.ch\/pt-pt\/wp-json\/wp\/v2\/product\/10098\/revisions"}],"wp:featuredmedia":[{"embeddable":true,"href":"https:\/\/sdubouloz.ch\/pt-pt\/wp-json\/wp\/v2\/media\/9520"}],"wp:attachment":[{"href":"https:\/\/sdubouloz.ch\/pt-pt\/wp-json\/wp\/v2\/media?parent=10098"}],"wp:term":[{"taxonomy":"product_brand","embeddable":true,"href":"https:\/\/sdubouloz.ch\/pt-pt\/wp-json\/wp\/v2\/product_brand?post=10098"},{"taxonomy":"product_cat","embeddable":true,"href":"https:\/\/sdubouloz.ch\/pt-pt\/wp-json\/wp\/v2\/product_cat?post=10098"},{"taxonomy":"product_tag","embeddable":true,"href":"https:\/\/sdubouloz.ch\/pt-pt\/wp-json\/wp\/v2\/product_tag?post=10098"}],"curies":[{"name":"wp","href":"https:\/\/api.w.org\/{rel}","templated":true}]}}