{"id":9884,"date":"2023-07-27T20:44:05","date_gmt":"2023-07-27T18:44:05","guid":{"rendered":"https:\/\/sdubouloz.ch\/politica-de-privacidade\/"},"modified":"2023-07-28T15:03:09","modified_gmt":"2023-07-28T13:03:09","slug":"politica-de-privacidade","status":"publish","type":"page","link":"https:\/\/sdubouloz.ch\/pt-pt\/politica-de-privacidade\/","title":{"rendered":"Pol\u00edtica de privacidade"},"content":{"rendered":"\t\t<div data-elementor-type=\"wp-page\" data-elementor-id=\"9884\" class=\"elementor elementor-9884 elementor-3555\" data-elementor-post-type=\"page\">\n\t\t\t\t<div class=\"elementor-element elementor-element-24ce711 e-flex e-con-boxed e-con e-parent\" data-id=\"24ce711\" data-element_type=\"container\" data-e-type=\"container\">\n\t\t\t\t\t<div class=\"e-con-inner\">\n\t\t\t\t<div class=\"elementor-element elementor-element-ec712a7 elementor-widget elementor-widget-heading\" data-id=\"ec712a7\" data-element_type=\"widget\" data-e-type=\"widget\" data-widget_type=\"heading.default\">\n\t\t\t\t<div class=\"elementor-widget-container\">\n\t\t\t\t\t<h2 class=\"elementor-heading-title elementor-size-default\">A nossa pol\u00edtica de privacidade<\/h2>\t\t\t\t<\/div>\n\t\t\t\t<\/div>\n\t\t\t\t<div class=\"elementor-element elementor-element-6f1ef67 elementor-widget elementor-widget-text-editor\" data-id=\"6f1ef67\" data-element_type=\"widget\" data-e-type=\"widget\" data-widget_type=\"text-editor.default\">\n\t\t\t\t<div class=\"elementor-widget-container\">\n\t\t\t\t\t\t\t\t\t<p><span style=\"font-weight: 400;\">Data efectiva: janeiro de 2023<\/span><\/p>\n<p><span style=\"font-weight: 400;\">Obrigado por visitar www.sdubouloz.ch, que tem sede na Su\u00ed\u00e7a. A prote\u00e7\u00e3o dos seus dados pessoais \u00e9 uma prioridade para n\u00f3s. Nesta pol\u00edtica de privacidade, gostar\u00edamos de o informar sobre a forma como recolhemos, utilizamos, partilhamos e protegemos as suas informa\u00e7\u00f5es pessoais quando visita o nosso site e utiliza a nossa loja online. Leia atentamente esta pol\u00edtica.<\/span><\/p>\n<ol>\n<li><span style=\"font-weight: 400;\">  Recolha de dados pessoais :<\/span><\/li>\n<\/ol>\n<p><span style=\"font-weight: 400;\">Apenas recolhemos as informa\u00e7\u00f5es pessoais necess\u00e1rias para prestar os nossos servi\u00e7os e melhorar a sua experi\u00eancia no nosso s\u00edtio Web e na nossa loja online. Estas informa\u00e7\u00f5es podem incluir, mas n\u00e3o se limitam a, o seguinte:<\/span><\/p>\n<p><span style=\"font-weight: 400;\">&#8211; O seu nome, endere\u00e7o, endere\u00e7o de correio eletr\u00f3nico e n\u00famero de telefone quando cria uma conta na nossa loja online.<\/span><\/p>\n<p><span style=\"font-weight: 400;\">&#8211; O seu endere\u00e7o de entrega para processar as suas encomendas.<\/span><\/p>\n<p><span style=\"font-weight: 400;\">&#8211; Detalhes de pagamento para facilitar a compra.<\/span><\/p>\n<p><span style=\"font-weight: 400;\">&#8211; As informa\u00e7\u00f5es que fornece quando nos contacta para colocar quest\u00f5es, comunicar um problema ou pedir ajuda.<\/span><\/p>\n<ol start=\"2\">\n<li><span style=\"font-weight: 400;\">  Utiliza\u00e7\u00e3o de dados pessoais :<\/span><\/li>\n<\/ol>\n<p><span style=\"font-weight: 400;\">Utilizamos os seus dados pessoais para :<\/span><\/p>\n<p><span style=\"font-weight: 400;\">&#8211; Para fornecer, operar e melhorar os nossos servi\u00e7os, incluindo o processamento de encomendas e pagamentos.<\/span><\/p>\n<p><span style=\"font-weight: 400;\">&#8211; Responder aos seus pedidos, perguntas ou preocupa\u00e7\u00f5es.<\/span><\/p>\n<p><span style=\"font-weight: 400;\">&#8211; Para lhe enviar informa\u00e7\u00f5es sobre actualiza\u00e7\u00f5es de produtos, ofertas especiais ou outras comunica\u00e7\u00f5es de marketing com o seu consentimento pr\u00e9vio, se for caso disso.<\/span><\/p>\n<p><span style=\"font-weight: 400;\">&#8211; Cumprir as obriga\u00e7\u00f5es legais a que estamos sujeitos.<\/span><\/p>\n<ol start=\"3\">\n<li><span style=\"font-weight: 400;\">  Partilhar dados pessoais :<\/span><\/li>\n<\/ol>\n<p><span style=\"font-weight: 400;\">N\u00e3o vendemos, alugamos ou partilhamos as suas informa\u00e7\u00f5es pessoais com terceiros para fins comerciais, exceto se tivermos a sua autoriza\u00e7\u00e3o pr\u00e9via. No entanto, pode ser necess\u00e1rio partilhar os seus dados com terceiros para facilitar determinadas opera\u00e7\u00f5es, nomeadamente :<\/span><\/p>\n<p><span style=\"font-weight: 400;\">&#8211; Fornecedores de servi\u00e7os terceiros que nos ajudam a gerir o nosso s\u00edtio, a nossa loja online e a processar pagamentos.<\/span><\/p>\n<p><span style=\"font-weight: 400;\">&#8211; Parceiros log\u00edsticos para assegurar a entrega das suas encomendas.<\/span><\/p>\n<p><span style=\"font-weight: 400;\">&#8211; Autoridades governamentais ou outras entidades legais, se exigido por lei.<\/span><\/p>\n<ol start=\"4\">\n<li><span style=\"font-weight: 400;\">  Seguran\u00e7a dos dados :<\/span><\/li>\n<\/ol>\n<p><span style=\"font-weight: 400;\">Tomamos medidas de seguran\u00e7a adequadas para proteger as informa\u00e7\u00f5es pessoais do utilizador contra o acesso, a divulga\u00e7\u00e3o ou a altera\u00e7\u00e3o n\u00e3o autorizados. Utilizamos protocolos de seguran\u00e7a padr\u00e3o para proteger os dados sens\u00edveis transmitidos ao nosso s\u00edtio.<\/span><\/p>\n<ol start=\"5\">\n<li><span style=\"font-weight: 400;\">  Cookies e tecnologias semelhantes :<\/span><\/li>\n<\/ol>\n<p><span style=\"font-weight: 400;\">Utilizamos cookies e tecnologias semelhantes para melhorar a sua experi\u00eancia no nosso s\u00edtio e para compreender a forma como o utilizador o utiliza. Pode gerir as suas prefer\u00eancias de cookies atrav\u00e9s das defini\u00e7\u00f5es do seu browser.<\/span><\/p>\n<ol start=\"6\">\n<li><span style=\"font-weight: 400;\">  Direitos do utilizador :<\/span><\/li>\n<\/ol>\n<p><span style=\"font-weight: 400;\">O utilizador tem determinados direitos relativamente aos seus dados pessoais, nomeadamente o direito de aceder, retificar, apagar e limitar a utiliza\u00e7\u00e3o das suas informa\u00e7\u00f5es. Para exercer estes direitos, contacte-nos atrav\u00e9s do endere\u00e7o contact@sdubouloz.ch.<\/span><\/p>\n<ol start=\"7\">\n<li><span style=\"font-weight: 400;\">  Altera\u00e7\u00f5es \u00e0 pol\u00edtica de privacidade :<\/span><\/li>\n<\/ol>\n<p><span style=\"font-weight: 400;\">Reservamo-nos o direito de alterar esta pol\u00edtica de privacidade em qualquer altura. Quaisquer altera\u00e7\u00f5es ser\u00e3o publicadas nesta p\u00e1gina e a data de entrada em vigor ser\u00e1 actualizada em conformidade.<\/span><\/p>\n<p><span style=\"font-weight: 400;\">Se tiver quaisquer quest\u00f5es ou preocupa\u00e7\u00f5es sobre a nossa pol\u00edtica de privacidade ou sobre a forma como processamos os seus dados pessoais, n\u00e3o hesite em contactar-nos atrav\u00e9s do endere\u00e7o contact@sdubouloz.ch.<\/span><\/p>\n<p><span style=\"font-weight: 400;\">Obrigado pela sua confian\u00e7a na Sellerie Moto Dubouloz.<\/span><\/p>\n\t\t\t\t\t\t\t\t<\/div>\n\t\t\t\t<\/div>\n\t\t\t\t\t<\/div>\n\t\t\t\t<\/div>\n\t\t\t\t<\/div>\n\t\t","protected":false},"excerpt":{"rendered":"<p>A nossa pol\u00edtica de privacidade Data efectiva: janeiro de 2023 Obrigado por visitar www.sdubouloz.ch, que tem sede na Su\u00ed\u00e7a. A prote\u00e7\u00e3o dos seus dados pessoais \u00e9 uma prioridade para n\u00f3s. Nesta pol\u00edtica de privacidade, gostar\u00edamos de o informar sobre a forma como recolhemos, utilizamos, partilhamos e protegemos as suas informa\u00e7\u00f5es pessoais quando visita o nosso [&hellip;]<\/p>\n","protected":false},"author":5,"featured_media":0,"parent":0,"menu_order":0,"comment_status":"closed","ping_status":"closed","template":"","meta":{"footnotes":""},"class_list":["post-9884","page","type-page","status-publish","hentry"],"_links":{"self":[{"href":"https:\/\/sdubouloz.ch\/pt-pt\/wp-json\/wp\/v2\/pages\/9884","targetHints":{"allow":["GET"]}}],"collection":[{"href":"https:\/\/sdubouloz.ch\/pt-pt\/wp-json\/wp\/v2\/pages"}],"about":[{"href":"https:\/\/sdubouloz.ch\/pt-pt\/wp-json\/wp\/v2\/types\/page"}],"author":[{"embeddable":true,"href":"https:\/\/sdubouloz.ch\/pt-pt\/wp-json\/wp\/v2\/users\/5"}],"replies":[{"embeddable":true,"href":"https:\/\/sdubouloz.ch\/pt-pt\/wp-json\/wp\/v2\/comments?post=9884"}],"version-history":[{"count":1,"href":"https:\/\/sdubouloz.ch\/pt-pt\/wp-json\/wp\/v2\/pages\/9884\/revisions"}],"predecessor-version":[{"id":9890,"href":"https:\/\/sdubouloz.ch\/pt-pt\/wp-json\/wp\/v2\/pages\/9884\/revisions\/9890"}],"wp:attachment":[{"href":"https:\/\/sdubouloz.ch\/pt-pt\/wp-json\/wp\/v2\/media?parent=9884"}],"curies":[{"name":"wp","href":"https:\/\/api.w.org\/{rel}","templated":true}]}}