{"id":3890,"date":"2023-01-31T17:30:17","date_gmt":"2023-01-31T16:30:17","guid":{"rendered":"https:\/\/sdubouloz.ch\/panier-2\/"},"modified":"2023-07-28T14:55:17","modified_gmt":"2023-07-28T12:55:17","slug":"panier-2","status":"publish","type":"page","link":"https:\/\/sdubouloz.ch\/pt-pt\/panier-2\/","title":{"rendered":"Panier"},"content":{"rendered":"\t\t<div data-elementor-type=\"wp-page\" data-elementor-id=\"3890\" class=\"elementor elementor-3890 elementor-2598\" data-elementor-post-type=\"page\">\n\t\t\t\t\t\t<section class=\"elementor-section elementor-top-section elementor-element elementor-element-385cf985 elementor-section-boxed elementor-section-height-default elementor-section-height-default\" data-id=\"385cf985\" data-element_type=\"section\" data-e-type=\"section\">\n\t\t\t\t\t\t<div class=\"elementor-container elementor-column-gap-default\">\n\t\t\t\t\t<div class=\"elementor-column elementor-col-100 elementor-top-column elementor-element elementor-element-ab25f1\" data-id=\"ab25f1\" data-element_type=\"column\" data-e-type=\"column\">\n\t\t\t<div class=\"elementor-widget-wrap elementor-element-populated\">\n\t\t\t\t\t\t<div class=\"elementor-element elementor-element-c3b1f56 elementor-widget elementor-widget-heading\" data-id=\"c3b1f56\" data-element_type=\"widget\" data-e-type=\"widget\" data-widget_type=\"heading.default\">\n\t\t\t\t<div class=\"elementor-widget-container\">\n\t\t\t\t\t<h2 class=\"elementor-heading-title elementor-size-default\">Votre panier<\/h2>\t\t\t\t<\/div>\n\t\t\t\t<\/div>\n\t\t\t\t\t<\/div>\n\t\t<\/div>\n\t\t\t\t\t<\/div>\n\t\t<\/section>\n\t\t\t\t<\/div>\n\t\t","protected":false},"excerpt":{"rendered":"<p>Votre panier Supprimer l\u2019\u00e9l\u00e9ment Miniature Produit Prix Quantit\u00e9 Sous-total &times; Bonnet S.Dubouloz &#8211; Noir &#67;&#72;&#70;&nbsp;29.00 quantit\u00e9 de Bonnet S.Dubouloz &#8211; Noir &#67;&#72;&#70;&nbsp;58.00 &times; Hoodie Grey &amp; Black &#8211; XL &#67;&#72;&#70;&nbsp;79.00 quantit\u00e9 de Hoodie Grey &amp; Black &#8211; XL &#67;&#72;&#70;&nbsp;158.00 Total du panier Sous-total &#67;&#72;&#70;&nbsp;216.00 Total &#67;&#72;&#70;&nbsp;216.00 Passer \u00e0 la commande<\/p>\n","protected":false},"author":5,"featured_media":0,"parent":0,"menu_order":0,"comment_status":"closed","ping_status":"closed","template":"","meta":{"footnotes":""},"class_list":["post-3890","page","type-page","status-publish","hentry"],"_links":{"self":[{"href":"https:\/\/sdubouloz.ch\/pt-pt\/wp-json\/wp\/v2\/pages\/3890","targetHints":{"allow":["GET"]}}],"collection":[{"href":"https:\/\/sdubouloz.ch\/pt-pt\/wp-json\/wp\/v2\/pages"}],"about":[{"href":"https:\/\/sdubouloz.ch\/pt-pt\/wp-json\/wp\/v2\/types\/page"}],"author":[{"embeddable":true,"href":"https:\/\/sdubouloz.ch\/pt-pt\/wp-json\/wp\/v2\/users\/5"}],"replies":[{"embeddable":true,"href":"https:\/\/sdubouloz.ch\/pt-pt\/wp-json\/wp\/v2\/comments?post=3890"}],"version-history":[{"count":0,"href":"https:\/\/sdubouloz.ch\/pt-pt\/wp-json\/wp\/v2\/pages\/3890\/revisions"}],"wp:attachment":[{"href":"https:\/\/sdubouloz.ch\/pt-pt\/wp-json\/wp\/v2\/media?parent=3890"}],"curies":[{"name":"wp","href":"https:\/\/api.w.org\/{rel}","templated":true}]}}