{"id":9827,"date":"2023-07-28T10:35:42","date_gmt":"2023-07-28T08:35:42","guid":{"rendered":"https:\/\/sdubouloz.ch\/agb\/"},"modified":"2023-07-28T15:03:09","modified_gmt":"2023-07-28T13:03:09","slug":"agb","status":"publish","type":"page","link":"https:\/\/sdubouloz.ch\/de\/agb\/","title":{"rendered":"AGB"},"content":{"rendered":"\t\t<div data-elementor-type=\"wp-page\" data-elementor-id=\"9827\" class=\"elementor elementor-9827 elementor-3612\" data-elementor-post-type=\"page\">\n\t\t\t\t<div class=\"elementor-element elementor-element-c64f71c e-flex e-con-boxed e-con e-parent\" data-id=\"c64f71c\" data-element_type=\"container\" data-e-type=\"container\">\n\t\t\t\t\t<div class=\"e-con-inner\">\n\t\t\t\t<div class=\"elementor-element elementor-element-abb17ea elementor-widget elementor-widget-heading\" data-id=\"abb17ea\" data-element_type=\"widget\" data-e-type=\"widget\" data-widget_type=\"heading.default\">\n\t\t\t\t<div class=\"elementor-widget-container\">\n\t\t\t\t\t<h2 class=\"elementor-heading-title elementor-size-default\">Allgemeine Gesch\u00e4ftsbedingungen (AGB) - E-Commerce-Website in der Schweiz<\/h2>\t\t\t\t<\/div>\n\t\t\t\t<\/div>\n\t\t\t\t<div class=\"elementor-element elementor-element-3f6051a elementor-widget elementor-widget-text-editor\" data-id=\"3f6051a\" data-element_type=\"widget\" data-e-type=\"widget\" data-widget_type=\"text-editor.default\">\n\t\t\t\t<div class=\"elementor-widget-container\">\n\t\t\t\t\t\t\t\t\t<\/p>\n<ol>\n<li><b>  Anwendungsbereich<\/b><\/li>\n<\/ol>\n<p><span style=\"font-weight: 400;\">Die vorliegenden Allgemeinen Gesch\u00e4ftsbedingungen (AGB) regeln alle Gesch\u00e4ftsvorg\u00e4nge, die zwischen Sellerie moto Dubouloz, mit Sitz in 20 chemin du Vieux-Puits, 1228 Plan-les-Ouates in der Schweiz, eingetragen im Handelsregister unter der Nummer  [Num\u00e9ro]und die Nutzer der E-Commerce-Website www.sdubouloz.ch, nachstehend &#8222;Kunden&#8220; genannt. Durch die Aufgabe einer Bestellung auf unserer Website akzeptiert der Kunde vorbehaltlos alle unten aufgef\u00fchrten AGB.<\/span><\/p>\n<\/p>\n<ol start=\"2\">\n<li><b>  Produkte und Preise<\/b><\/li>\n<\/ol>\n<p><span style=\"font-weight: 400;\">2.1. Die zum Verkauf angebotenen Produkte werden auf der Website genau beschrieben. Die Produktfotografien sind unverbindlich und k\u00f6nnen leicht vom tats\u00e4chlichen Produkt abweichen.<\/span><\/p>\n<p><span style=\"font-weight: 400;\">2.2. Die auf der Website angegebenen Preise sind in Schweizer Franken (CHF) angegeben und enthalten die geltende Mehrwertsteuer. Die Versandkosten sind vom Kunden zu tragen und werden w\u00e4hrend des Bestellvorgangs vor der endg\u00fcltigen Best\u00e4tigung angegeben.<\/span><\/p>\n<\/p>\n<ol start=\"3\">\n<li><b>  Befehle<\/b><\/li>\n<\/ol>\n<p><span style=\"font-weight: 400;\">3.1. Der Kunde kann seine Bestellung online \u00fcber unsere E-Commerce-Website aufgeben. Bevor der Kunde seine Bestellung abschlie\u00dft, hat er die M\u00f6glichkeit, die Einzelheiten der Bestellung und den Gesamtpreis zu \u00fcberpr\u00fcfen und eventuelle Fehler zu korrigieren.<\/span><\/p>\n<p><span style=\"font-weight: 400;\">3.2. Die Bestellung gilt erst dann als endg\u00fcltig, wenn die Zahlung durch unsere Dienste best\u00e4tigt wurde. Der Verk\u00e4ufer beh\u00e4lt sich das Recht vor, eine Bestellung abzulehnen, wenn es einen Rechtsstreit mit dem Kunden gibt oder wenn eine fr\u00fchere Bestellung ganz oder teilweise nicht bezahlt wurde.<\/span><\/p>\n<\/p>\n<ol start=\"4\">\n<li><b>  Zahlung<\/b><\/li>\n<\/ol>\n<p><span style=\"font-weight: 400;\">4.1. Die Bezahlung der Produkte erfolgt online bei der Bestellung \u00fcber die auf der Website verf\u00fcgbaren Zahlungsmethoden.<\/span><\/p>\n<p><span style=\"font-weight: 400;\">4.2. Der Verk\u00e4ufer garantiert die Sicherheit der auf der E-Commerce-Website durchgef\u00fchrten Transaktionen und speichert die Bankdaten des Kunden nach der Zahlung nicht.<\/span><\/p>\n<\/p>\n<ol start=\"5\">\n<li><b>  Lieferung<\/b><\/li>\n<\/ol>\n<p><span style=\"font-weight: 400;\">5.1. Der Verk\u00e4ufer verpflichtet sich, die Produkte innerhalb der bei der Bestellung angegebenen Fristen zu liefern, es sei denn, es liegen au\u00dfergew\u00f6hnliche Umst\u00e4nde vor, die sich seinem Willen entziehen (h\u00f6here Gewalt, Streik usw.).<\/span><\/p>\n<p><span style=\"font-weight: 400;\">5.2. Die Versandkosten werden bei der Bestellung angegeben und k\u00f6nnen je nach Zielort und gew\u00e4hlter Versandart variieren.<\/span><\/p>\n<p><span style=\"font-weight: 400;\">5.3. Im Falle einer Lieferverz\u00f6gerung wird der Kunde so schnell wie m\u00f6glich informiert und kann seine Bestellung stornieren, wenn das Produkt noch nicht versendet wurde.<\/span><\/p>\n<\/p>\n<ol start=\"6\">\n<li><b>  Widerrufsrecht<\/b><\/li>\n<\/ol>\n<p><span style=\"font-weight: 400;\">6.1. Gem\u00e4\u00df dem Schweizer Verbraucherschutzgesetz kann der Kunde innerhalb von 14 Tagen nach Erhalt der Produkte ohne Angabe von Gr\u00fcnden von seinem Widerrufsrecht Gebrauch machen.<\/span><\/p>\n<p><span style=\"font-weight: 400;\">6.2. Der Kunde muss den Verk\u00e4ufer schriftlich (per E-Mail oder Brief) \u00fcber seinen Widerruf informieren und die Produkte in ihrem Originalzustand auf eigene Kosten zur\u00fccksenden.<\/span><\/p>\n<p><span style=\"font-weight: 400;\">6.3. Der Verk\u00e4ufer erstattet dem Kunden den Kaufpreis innerhalb einer angemessenen Frist nach Erhalt der zur\u00fcckgesandten Produkte.<\/span><\/p>\n<\/p>\n<ol start=\"7\">\n<li><b>  Garantie und Haftung<\/b><\/li>\n<\/ol>\n<p><span style=\"font-weight: 400;\">7.1. Der Verk\u00e4ufer garantiert, dass die auf seiner Website verkauften Produkte der Beschreibung entsprechen und frei von versteckten M\u00e4ngeln sind.<\/span><\/p>\n<p><span style=\"font-weight: 400;\">7.2. Die Haftung des Verk\u00e4ufers ist auf den Betrag der vom Kunden aufgegebenen Bestellung beschr\u00e4nkt.<\/span><\/p>\n<p><span style=\"font-weight: 400;\">7.3. Der Verk\u00e4ufer kann nicht f\u00fcr indirekte Sch\u00e4den haftbar gemacht werden, die durch die Nutzung der Produkte entstehen.<\/span><\/p>\n<\/p>\n<ol start=\"8\">\n<li><b>  Schutz personenbezogener Daten<\/b><\/li>\n<\/ol>\n<p><span style=\"font-weight: 400;\">8.1. Der Verk\u00e4ufer verpflichtet sich, die Schweizer Gesetzgebung zum Schutz personenbezogener Daten einzuhalten und die pers\u00f6nlichen Informationen des Kunden vertraulich zu behandeln.<\/span><\/p>\n<p><span style=\"font-weight: 400;\">8.2. Der Kunde kann unsere Datenschutzbestimmungen einsehen, um mehr \u00fcber die Verwendung seiner Daten zu erfahren.<\/span><\/p>\n<\/p>\n<ol start=\"9\">\n<li><b>  Streitigkeiten und anwendbares Recht<\/b><\/li>\n<\/ol>\n<p><span style=\"font-weight: 400;\">9.1. Bei Streitigkeiten zwischen dem Verk\u00e4ufer und dem Kunden werden sich die Parteien bem\u00fchen, eine g\u00fctliche Einigung zu erzielen.<\/span><\/p>\n<p><span style=\"font-weight: 400;\">9.2. Falls keine g\u00fctliche Einigung erzielt werden kann, wird jede Streitigkeit bez\u00fcglich dieser AGB den zust\u00e4ndigen Gerichten in der Schweiz vorgelegt.<\/span><\/p>\n<p><span style=\"font-weight: 400;\">9.3. Die vorliegenden AGB unterliegen dem Schweizer Recht.<\/span><\/p>\n<\/p>\n<ol start=\"10\">\n<li><b>  \u00c4nderung der AGB<\/b><\/li>\n<\/ol>\n<p><span style=\"font-weight: 400;\">10.1. Der Verk\u00e4ufer beh\u00e4lt sich das Recht vor, die vorliegenden AGB jederzeit zu \u00e4ndern. Die anwendbaren AGB sind die zum Zeitpunkt der Auftragserteilung g\u00fcltigen AGB.<\/span><\/p><\/p>\n\t\t\t\t\t\t\t\t<\/div>\n\t\t\t\t<\/div>\n\t\t\t\t\t<\/div>\n\t\t\t\t<\/div>\n\t\t\t\t<\/div>\n\t\t","protected":false},"excerpt":{"rendered":"<p>Allgemeine Gesch\u00e4ftsbedingungen (AGB) &#8211; E-Commerce-Website in der Schweiz Anwendungsbereich Die vorliegenden Allgemeinen Gesch\u00e4ftsbedingungen (AGB) regeln alle Gesch\u00e4ftsvorg\u00e4nge, die zwischen Sellerie moto Dubouloz, mit Sitz in 20 chemin du Vieux-Puits, 1228 Plan-les-Ouates in der Schweiz, eingetragen im Handelsregister unter der Nummer [Num\u00e9ro]und die Nutzer der E-Commerce-Website www.sdubouloz.ch, nachstehend &#8222;Kunden&#8220; genannt. Durch die Aufgabe einer Bestellung auf [&hellip;]<\/p>\n","protected":false},"author":5,"featured_media":0,"parent":0,"menu_order":0,"comment_status":"closed","ping_status":"closed","template":"","meta":{"footnotes":""},"class_list":["post-9827","page","type-page","status-publish","hentry"],"_links":{"self":[{"href":"https:\/\/sdubouloz.ch\/de\/wp-json\/wp\/v2\/pages\/9827","targetHints":{"allow":["GET"]}}],"collection":[{"href":"https:\/\/sdubouloz.ch\/de\/wp-json\/wp\/v2\/pages"}],"about":[{"href":"https:\/\/sdubouloz.ch\/de\/wp-json\/wp\/v2\/types\/page"}],"author":[{"embeddable":true,"href":"https:\/\/sdubouloz.ch\/de\/wp-json\/wp\/v2\/users\/5"}],"replies":[{"embeddable":true,"href":"https:\/\/sdubouloz.ch\/de\/wp-json\/wp\/v2\/comments?post=9827"}],"version-history":[{"count":2,"href":"https:\/\/sdubouloz.ch\/de\/wp-json\/wp\/v2\/pages\/9827\/revisions"}],"predecessor-version":[{"id":9847,"href":"https:\/\/sdubouloz.ch\/de\/wp-json\/wp\/v2\/pages\/9827\/revisions\/9847"}],"wp:attachment":[{"href":"https:\/\/sdubouloz.ch\/de\/wp-json\/wp\/v2\/media?parent=9827"}],"curies":[{"name":"wp","href":"https:\/\/api.w.org\/{rel}","templated":true}]}}